{"id":3159,"date":"2019-10-21T18:08:19","date_gmt":"2019-10-21T16:08:19","guid":{"rendered":"https:\/\/yi-king.com\/?page_id=3159"},"modified":"2019-10-21T18:08:21","modified_gmt":"2019-10-21T16:08:21","slug":"delivery-payments","status":"publish","type":"page","link":"https:\/\/yi-king.com\/en\/delivery-payments\/","title":{"rendered":"Delivery &#038; payments"},"content":{"rendered":"<div class=\"wpb-content-wrapper\"><table class=\"wp-list-table widefat fixed striped posts\">\n<tbody id=\"the-list\">\n<tr id=\"post-971\" class=\"iedit author-self level-0 post-971 type-cms_block status-publish hentry\">\n<td class=\"shortcode column-shortcode\" data-colname=\"Shortcode\"><strong><div class=\"wpb-content-wrapper\">[vc_row][vc_column][vc_column_text text_larger=\"no\"]\r\n<h4>MODALIT\u00c9S DE LIVRAISON<\/h4>\r\nLes commandes pass\u00e9es sur le site Yi-king.com peuvent \u00eatre livr\u00e9es dans le monde entier avec la poste Suisse au d\u00e9part de Vercorin en 8-10 jours ouvrables.\r\nSur certaine zone dans le monde comme la Russie il nous est imp\u00e9ratif d'avoir une adresse soci\u00e9t\u00e9 et un num\u00e9ro de t\u00e9l\u00e9phone obligatoire pour toutes livraisons ou le colis ne sera pas autorise, suivant les lois de chaque pays.\r\n\r\nVotre commande est trait\u00e9e le jour m\u00eame dans la mesure du possible ou le premier jour ouvr\u00e9 suivant.\r\n<h4>VOUS SOUHAITEZ RETOURNER UN PRODUIT DE VOTRE COMMANDE<\/h4>\r\nLes produits achet\u00e9s en ligne ne peuvent \u00eatre rembours\u00e9s ni \u00e9chang\u00e9s.\r\nSi la commande n\u2019a pas \u00e9t\u00e9 livr\u00e9e elle sera r\u00e9-exp\u00e9di\u00e9e.\r\n<h4>VOUS SOUHAITEZ SUIVRE VOTRE COMMANDE EN LIGNE<\/h4>\r\nLorsque votre commande et son paiement sont valid\u00e9s : Yi-King vous envoie une photo de votre num\u00e9ro de colis Postal suivi de commande par e-mail\r\n<h4>VOUS AVEZ PASSE UNE COMMANDE MAIS VOUS N'AVEZ PAS RE\u00c7U VOTRE COLIS<\/h4>\r\nLe lien de suivi de votre colis postal est disponible dans votre mail de confirmation d\u2019exp\u00e9dition.\r\n\r\nSi toutefois vous n\u2019avez toujours rien re\u00e7u, veuillez contacter notre Service Client\u00e8le info@yi-king.com\r\n<h4>QUELLES SONT LES M\u00c9THODES DE PAIEMENT<\/h4>\r\nPaiement par paypal en ligne.\r\n\r\nVos donn\u00e9es bancaires sont crypt\u00e9es et ne sont jamais connues ni stock\u00e9es par Yi-King. Les paiements r\u00e9alis\u00e9s sur le site Yi-King sont transmis de mani\u00e8re s\u00e9curis\u00e9e au partenaire de paiement PAYPAL[\/vc_column_text][\/vc_column][\/vc_row]<\/div><\/strong><\/td>\n<\/tr>\n<\/tbody>\n<\/table>\n<\/div>","protected":false},"excerpt":{"rendered":"[vc_row][vc_column][vc_column_text text_larger=\"no\"] MODALIT\u00c9S DE LIVRAISON Les commandes pass\u00e9es sur le site Yi-king.com peuvent \u00eatre livr\u00e9es dans le monde entier avec","protected":false},"author":1,"featured_media":0,"parent":0,"menu_order":0,"comment_status":"closed","ping_status":"open","template":"","meta":{"footnotes":""},"class_list":["post-3159","page","type-page","status-publish","hentry"],"_links":{"self":[{"href":"https:\/\/yi-king.com\/en\/wp-json\/wp\/v2\/pages\/3159","targetHints":{"allow":["GET"]}}],"collection":[{"href":"https:\/\/yi-king.com\/en\/wp-json\/wp\/v2\/pages"}],"about":[{"href":"https:\/\/yi-king.com\/en\/wp-json\/wp\/v2\/types\/page"}],"author":[{"embeddable":true,"href":"https:\/\/yi-king.com\/en\/wp-json\/wp\/v2\/users\/1"}],"replies":[{"embeddable":true,"href":"https:\/\/yi-king.com\/en\/wp-json\/wp\/v2\/comments?post=3159"}],"version-history":[{"count":1,"href":"https:\/\/yi-king.com\/en\/wp-json\/wp\/v2\/pages\/3159\/revisions"}],"predecessor-version":[{"id":3160,"href":"https:\/\/yi-king.com\/en\/wp-json\/wp\/v2\/pages\/3159\/revisions\/3160"}],"wp:attachment":[{"href":"https:\/\/yi-king.com\/en\/wp-json\/wp\/v2\/media?parent=3159"}],"curies":[{"name":"wp","href":"https:\/\/api.w.org\/{rel}","templated":true}]}}