{"id":3165,"date":"2019-10-21T18:11:16","date_gmt":"2019-10-21T16:11:16","guid":{"rendered":"https:\/\/yi-king.com\/?page_id=3165"},"modified":"2019-10-21T18:11:29","modified_gmt":"2019-10-21T16:11:29","slug":"legal-notice","status":"publish","type":"page","link":"https:\/\/yi-king.com\/en\/legal-notice\/","title":{"rendered":"Legal Notice"},"content":{"rendered":"<div class=\"wpb-content-wrapper\"><table class=\"wp-list-table widefat fixed striped posts\">\n<tbody id=\"the-list\">\n<tr id=\"post-971\" class=\"iedit author-self level-0 post-971 type-cms_block status-publish hentry\">\n<td class=\"shortcode column-shortcode\" data-colname=\"Shortcode\"><strong><div class=\"wpb-content-wrapper\">[vc_row][vc_column][vc_column_text text_larger=\"no\"]\r\n<h4><strong>Yi-King,com\u00a0est \u00e9dit\u00e9 et exploit\u00e9 par:<\/strong><\/h4>\r\nYi-King\r\nc\/o\u00a0Coralie Greyson\r\nRue Centrale 5\r\n3967 Vercorin\r\n\r\nT\u00e9l\u00e9phone:\r\nEmail:\u00a0<u><a href=\"mailto:info@yi-king.com\">info@yi-king.com<\/a><\/u>\r\n\r\n<strong>Repr\u00e9sentants l\u00e9gaux<\/strong> :\u00a0Coralie Greyson\r\n<h4><strong>Propri\u00e9t\u00e9 intellectuelle<\/strong><\/h4>\r\nTous les contenus accessibles sur le site internet de Yi-King\u00a0sont prot\u00e9g\u00e9s par des droits d'auteur et sont la propri\u00e9t\u00e9 exclusive et exhaustive de Yi-King\u00a0 si aucune disposition contraire n'a \u00e9t\u00e9 conclue. Le site peut contenir des avertissements relatifs \u00e0 des droits de protection et d'exploitation de tiers dont le client doit tenir compte. La reproduction (int\u00e9grale ou partielle), la diffusion, la transmission (\u00e9lectronique ou par d'autres moyens), la modification, la mise en lien ou l'utilisation des contenus \u00e0 des fins publiques ou commerciales sont interdites sans autorisation \u00e9crite pr\u00e9alable de Yi-King\u00a0.\r\nLes images et photos des produits sont prot\u00e9g\u00e9s par des droits d'auteur et sont la\u00a0propri\u00e9t\u00e9 exclusive et exhaustive de Yi-King\u00a0.\r\n<h4><strong>Dispositions finales<\/strong><\/h4>\r\nSeul le\u00a0droit suisse\u00a0est applicable aux <a href=\"\/?page_id=3174\"><u>conditions g\u00e9n\u00e9rales de ventes<\/u><\/a>\u00a0et aux litiges \u00e9ventuels r\u00e9sultants ou li\u00e9s \u00e0 la relation entre Yi-King\u00a0 et le client.\r\nLe for exclusivement comp\u00e9tent pour tous les litiges entre Yi-King\u00a0 et le client se situe en Suisse.\r\n<h4><strong>Cr\u00e9dits<\/strong><\/h4>\r\nDesign et graphisme :\u00a0\u00a0\u00a9 Yi-King[\/vc_column_text][\/vc_column][\/vc_row]<\/div><\/strong><\/td>\n<\/tr>\n<\/tbody>\n<\/table>\n<\/div>","protected":false},"excerpt":{"rendered":"[vc_row][vc_column][vc_column_text text_larger=\"no\"] Yi-King,com\u00a0est \u00e9dit\u00e9 et exploit\u00e9 par: Yi-King c\/o\u00a0Coralie Greyson Rue Centrale 5 3967 Vercorin T\u00e9l\u00e9phone: Email:\u00a0info@yi-king.com Repr\u00e9sentants l\u00e9gaux :\u00a0Coralie","protected":false},"author":1,"featured_media":0,"parent":0,"menu_order":0,"comment_status":"closed","ping_status":"open","template":"","meta":{"footnotes":""},"class_list":["post-3165","page","type-page","status-publish","hentry"],"_links":{"self":[{"href":"https:\/\/yi-king.com\/en\/wp-json\/wp\/v2\/pages\/3165","targetHints":{"allow":["GET"]}}],"collection":[{"href":"https:\/\/yi-king.com\/en\/wp-json\/wp\/v2\/pages"}],"about":[{"href":"https:\/\/yi-king.com\/en\/wp-json\/wp\/v2\/types\/page"}],"author":[{"embeddable":true,"href":"https:\/\/yi-king.com\/en\/wp-json\/wp\/v2\/users\/1"}],"replies":[{"embeddable":true,"href":"https:\/\/yi-king.com\/en\/wp-json\/wp\/v2\/comments?post=3165"}],"version-history":[{"count":1,"href":"https:\/\/yi-king.com\/en\/wp-json\/wp\/v2\/pages\/3165\/revisions"}],"predecessor-version":[{"id":3166,"href":"https:\/\/yi-king.com\/en\/wp-json\/wp\/v2\/pages\/3165\/revisions\/3166"}],"wp:attachment":[{"href":"https:\/\/yi-king.com\/en\/wp-json\/wp\/v2\/media?parent=3165"}],"curies":[{"name":"wp","href":"https:\/\/api.w.org\/{rel}","templated":true}]}}