{"id":3174,"date":"2019-10-21T18:18:07","date_gmt":"2019-10-21T16:18:07","guid":{"rendered":"https:\/\/yi-king.com\/?page_id=3174"},"modified":"2019-10-21T18:19:54","modified_gmt":"2019-10-21T16:19:54","slug":"privacy-policy","status":"publish","type":"page","link":"https:\/\/yi-king.com\/en\/privacy-policy\/","title":{"rendered":"Privacy Policy"},"content":{"rendered":"<p>Les pr\u00e9sentes conditions g\u00e9n\u00e9rales de vente (CGV) s&#8217;appliquent \u00e0 toutes les prestations propos\u00e9es par Yi-King. En passant commande sur le site Yi-King, vous acceptez les conditions ci-dessous sans aucune modification et dans leur int\u00e9gralit\u00e9.<\/p>\n<p><strong>Conditions g\u00e9n\u00e9rales de vente<\/strong><\/p>\n<p><strong>Service<\/strong><\/p>\n<ul>\n<li>Yi-King garantit la livraison \u00e0 domicile de produits de qualit\u00e9. La satisfaction de nos clients est notre premi\u00e8re priorit\u00e9 et nous voulons vous apporter un service irr\u00e9prochable.<\/li>\n<li>Vous pouvez contacter notre service client\u00e8le en tout temps via notre <u><a href=\"https:\/\/yi-king.com\/en\/contact\/\">formulaire de contact.<\/a><\/u><\/li>\n<\/ul>\n<p>&nbsp;<\/p>\n<p><strong>Garantie<\/strong><\/p>\n<ul>\n<li>Les articles b\u00e9n\u00e9ficiant d\u2019une garantie sont soumis aux conditions de l\u2019offre valables lors de l\u2019achat. La garantie prend effet \u00e0 la date de livraison de l\u2019article, justifi\u00e9e par le document d\u2019accompagnement (facture ou bulletin de livraison) que nous vous demandons de conserver soigneusement.<\/li>\n<li>Ne sont pas couverts les dommages dus \u00e0 un mauvais entretien, au non-respect du mode d\u2019emploi, ou \u00e0 une usure normale.<\/li>\n<\/ul>\n<p>&nbsp;<\/p>\n<p><strong>Produits<\/strong><\/p>\n<ul>\n<li>Les informations fournies sur le site Yi-King le sont \u00e0 des fins purement informatives et afin de faciliter le choix des clients.<\/li>\n<li>Yi-King s\u2019efforce de contr\u00f4ler la v\u00e9racit\u00e9 des informations et maintenir le site \u00e0 jour. Cependant, aucune garantie n\u2019est apport\u00e9e concernant l\u2019exactitude des informations mises \u00e0 disposition sur le site.<\/li>\n<li>Yi-King d\u00e9cline toute responsabilit\u00e9 pour tout dommage r\u00e9sultant notamment d\u2019une impr\u00e9cision ou inexactitude des informations disponibles sur ce site.<\/li>\n<li>Comme pour tout produit, le consommateur est pri\u00e9 de v\u00e9rifier de possibles contre-indications avant l\u2019utilisation (par ex. en cas d\u2019allergie).<\/li>\n<li>Yi-King d\u00e9cline toute responsabilit\u00e9 en cas de r\u00e9actions li\u00e9es \u00e0 l&#8217;utilisation de ses produits.<\/li>\n<\/ul>\n<p>&nbsp;<\/p>\n<p><strong>Prix<\/strong><\/p>\n<ul>\n<li>Tous les prix sont affich\u00e9s en francs Suisse (CHF) et incluent la TVA (suisse) selon les taux en vigueur.&nbsp;<\/li>\n<li>Les prix des produits affich\u00e9s au passage \u00e0 la caisse (\u00e0 l\u2019\u00e9tape \u00ab R\u00e9sum\u00e9 \u00bb, sous \u00ab R\u00e9sum\u00e9 de la commande \u00bb) font foi.<\/li>\n<li>Les frais de livraison varient en fonction du montant de la commande et\/ou du poids du colis.<\/li>\n<\/ul>\n<p>Plus d&#8217;informations sur la page &#8220;<a href=\"https:\/\/yi-king.com\/en\/delivery-payments\/\"><u>livraison<\/u><\/a>&#8220;<\/p>\n<p>&nbsp;<\/p>\n<p><strong>Articles<\/strong><\/p>\n<ul>\n<li>Yi-King se r\u00e9serve le droit de limiter les quantit\u00e9s d\u2019achat de certains produits&nbsp;et de ne pas effectuer la livraison en cas de commande exceptionnellement lourde ou volumineuse.<\/li>\n<\/ul>\n<p>&nbsp;<\/p>\n<p><strong>Confirmation de commande<\/strong><\/p>\n<ul>\n<li>Le contrat entre en vigueur quand le client a pass\u00e9 sa commande et quand cette commande a \u00e9t\u00e9 accept\u00e9e par voie \u00e9lectronique par Yi-King.<\/li>\n<li>Toute commande est confirm\u00e9e par Yi-King.<\/li>\n<\/ul>\n<p>&nbsp;<\/p>\n<p><strong>M\u00e9thodes de paiement<\/strong><\/p>\n<p><em>(PayPal)<\/em><\/p>\n<ul>\n<li>Le processus de paiement est g\u00e9r\u00e9 par Paypal&nbsp;et enti\u00e8rement s\u00e9curis\u00e9.<\/li>\n<li>Yi-King ex\u00e9cute le processus de livraison une fois la r\u00e9ception du paiement confirm\u00e9e.<\/li>\n<\/ul>\n<p>&nbsp;<\/p>\n<p><strong>Remboursements, cr\u00e9dits, bons cadeaux<\/strong><\/p>\n<ul>\n<li>Si le client a droit \u00e0 un remboursement ou \u00e0 un cr\u00e9dit, le montant d\u00fb sera cr\u00e9dit\u00e9 sur son compte client, utilisable pour le prochain achat chez Yi-King dans un d\u00e9lai d&#8217;une ann\u00e9e. Pass\u00e9 ce d\u00e9lai, le cr\u00e9dit sera \u00e9chu.<\/li>\n<li>Les bons Yi-King ne sont en aucun cas revendables. Un seul bon est utilisable par commande.<\/li>\n<\/ul>\n<p>&nbsp;<\/p>\n<p><strong>Lieu de livraison<\/strong><\/p>\n<ul>\n<li>La livraison est internationale.<\/li>\n<li>Les commandes sont trait\u00e9es, d\u00e8s r\u00e9ception du paiement par Yi-King, dans les plus brefs d\u00e9lais, du lundi au vendredi.<\/li>\n<li>Les articles command\u00e9s sont livr\u00e9s \u00e0 l&#8217;adresse de livraison indiqu\u00e9e par le client.<\/li>\n<\/ul>\n<p>Plus d&#8217;informations sur la page &#8220;<a href=\"https:\/\/yi-king.com\/en\/delivery-payments\/\"><u>livraison<\/u><\/a>&#8220;<\/p>\n<p>&nbsp;<\/p>\n<p><strong>D\u00e9lais de livraison<\/strong><\/p>\n<ul>\n<li>Lorsque vous passez commande en semaine avant 17h, nous la traitons et exp\u00e9dions votre colis le jour suivant (expept\u00e9 jours sp\u00e9ciaux et p\u00e9riodes de vacances &#8211; voir page &#8220;<u>livraison<\/u>&#8221; pour plus d&#8217;informations. Les commandes pass\u00e9es le week-end sont exp\u00e9di\u00e9es le lundi et celles pass\u00e9es un jour f\u00e9ri\u00e9 sont trait\u00e9es et envoy\u00e9es le jour ouvrable suivant.<\/li>\n<li>G\u00e9n\u00e9ralement, la commande du client sera livr\u00e9e \u00e0 l\u2019heure habituelle de passage de son facteur.<\/li>\n<li>Les heures de livraison peuvent varier.<\/li>\n<li>Bien que Yi-King fasse son maximum pour livrer ses clients dans les d\u00e9lais, il se peut que les d\u00e9lais ne soient malgr\u00e9 tout pas respect\u00e9s et ce pour diverses raisons. Dans ces cas-l\u00e0, toute demande de d\u00e9dommagement est exclue.<\/li>\n<li>Pas de livraisons le dimanche, les jours f\u00e9ri\u00e9s nationaux et cantonaux.<\/li>\n<\/ul>\n<p>Plus d&#8217;informations sur la page &#8220;<a href=\"https:\/\/yi-king.com\/en\/delivery-payments\/\"><u>livraison<\/u><\/a>&#8220;<\/p>\n<p>&nbsp;<\/p>\n<p><strong>Absence du client lors de la livraison<\/strong><\/p>\n<ul>\n<li>Si le client n&#8217;est pas pr\u00e9sent lors de la livraison, le transporteur peut, dans la mesure du possible, d\u00e9poser les produits devant sa porte.<\/li>\n<li>Yi-King s\u2019engage \u00e0 respecter si n\u00e9cessaire la cha\u00eene du froid jusqu\u2019\u00e0 la livraison de la marchandise \u00e0 l\u2019adresse du client. \u00c0 partir de ce moment, la responsabilit\u00e9 incombe au seul client, ind\u00e9pendamment de sa pr\u00e9sence lors de la livraison.<\/li>\n<li>Le client assume la responsabilit\u00e9 des produits une fois livr\u00e9s, m\u00eame si ces derniers sont d\u00e9pos\u00e9s devant sa porte en son absence.<\/li>\n<\/ul>\n<p>Plus d&#8217;informations sur la page &#8220;<a href=\"https:\/\/yi-king.com\/en\/delivery-payments\/\"><u>livraison<\/u><\/a>&#8220;<\/p>\n<p>&nbsp;<\/p>\n<p><strong>Retours<\/strong><\/p>\n<ul>\n<li>Si le client commande des produits par erreur, ils ne sont ni repris ni rembours\u00e9s par Yi-King.<\/li>\n<\/ul>\n<p>&nbsp;<\/p>\n<p><strong>Protection des donn\u00e9es<\/strong><\/p>\n<ul>\n<li>En s\u2019inscrivant sur le site Yi-King, le client consent tacitement \u00e0 recevoir des informations de nature publicitaire ou autre de la part de Yi-King via diff\u00e9rents canaux de communication (e-mail, courrier, SMS, t\u00e9l\u00e9phone). Le client peut se d\u00e9sinscrire \u00e0 tout moment, facilement et gratuitement, en suivant les instructions figurant dans le message respectif ou en contactant le Service Client Yi-King.<\/li>\n<li>Yi-King est autoris\u00e9 \u00e0 proc\u00e9der \u00e0 des analyses de panier qui peuvent refl\u00e9ter le comportement d\u2019achat des clients et les types de personnalit\u00e9.<\/li>\n<li>Yi-King transmet les donn\u00e9es personnelles \u00e0 des tiers seulement dans la mesure o\u00f9 elles sont indispensables pour la bonne ex\u00e9cution de la commande ou du paiement (par ex. transmission des donn\u00e9es \u00e0 La Poste, \u00e0 une soci\u00e9t\u00e9 de recouvrement en cas de non-paiement, etc.), pour l\u2019information des clients ou pour la conduite de sondages. Vos informations sont trait\u00e9es avec la plus grande confidentialit\u00e9.<\/li>\n<li>Yi-King se r\u00e9serve le droit d\u2019analyser toutes les donn\u00e9es r\u00e9colt\u00e9es et d&#8217;utiliser des informations sur le comportement d&#8217;achat sous une forme anonyme \u00e0 des fins commerciales.<\/li>\n<li>Google Analytics : Ce site utilise Google Analytics, un service d&#8217;analyse de site Internet fourni par Google Inc. (\u00ab Google \u00bb). Google Analytics utilise des cookies qui sont des fichiers texte plac\u00e9s sur votre ordinateur pour aider le site Internet \u00e0 analyser son utilisation par les utilisateurs. Les donn\u00e9es g\u00e9n\u00e9r\u00e9es par les cookies concernant votre utilisation du site (y compris votre adresse IP) seront transmises et stock\u00e9es par Google sur des serveurs situ\u00e9s aux Etats-Unis. Google utilisera cette information dans le but d&#8217;\u00e9valuer votre utilisation du site, de compiler des rapports sur l&#8217;activit\u00e9 du site \u00e0 destination de son \u00e9diteur et de fournir d&#8217;autres services relatifs \u00e0 l&#8217;activit\u00e9 du site et \u00e0 l&#8217;utilisation d&#8217;Internet. Google est susceptible de communiquer ces donn\u00e9es \u00e0 des tiers en cas d&#8217;obligation l\u00e9gale ou lorsque ces tiers traitent ces donn\u00e9es pour le compte de Google. Google ne recoupera pas votre adresse IP avec toute autre donn\u00e9e d\u00e9tenue par Google. Vous pouvez d\u00e9sactiver l&#8217;utilisation de cookies en s\u00e9lectionnant les param\u00e8tres appropri\u00e9s de votre navigateur. Cependant, une telle d\u00e9sactivation pourrait emp\u00eacher l&#8217;utilisation de certaines fonctionnalit\u00e9s de ce site. Des tiers, y compris Google, peuvent afficher des annonces personnalis\u00e9es de Yi-King sur leurs sites et utiliser des cookies pour vous proposer d\u2019autres annonces cibl\u00e9es bas\u00e9es sur votre utilisation du site Yi-King. Si vous souhaitez d\u00e9sactiver cette fonction, vous pouvez le faire sur la page Internet www.google.com\/privacy_ads.html. En utilisant le site Internet de Yi-King, vous consentez express\u00e9ment au traitement de vos donn\u00e9es nominatives par Google dans les conditions et pour les finalit\u00e9s d\u00e9crites ci-dessus.<\/li>\n<\/ul>\n<p>&nbsp;<\/p>\n<p><strong>Propri\u00e9t\u00e9 intellectuelle<\/strong><\/p>\n<ul>\n<li>Tous les contenus accessibles sur le site internet de Yi-King sont prot\u00e9g\u00e9s par des droits d&#8217;auteur et sont la propri\u00e9t\u00e9 exclusive et exhaustive de Yi-King si aucune disposition contraire n&#8217;a \u00e9t\u00e9 conclue. Le site peut contenir des avertissements relatifs \u00e0 des droits de protection et d&#8217;exploitation de tiers dont le client doit tenir compte. La reproduction (int\u00e9grale ou partielle), la diffusion, la transmission (\u00e9lectronique ou par d&#8217;autres moyens), la modification, la mise en lien ou l&#8217;utilisation des contenus \u00e0 des fins publiques ou commerciales sont interdites sans autorisation \u00e9crite pr\u00e9alable de Yi-King.<\/li>\n<li>Les images et photos des produits sont prot\u00e9g\u00e9es par des droits d&#8217;auteur et sont la&nbsp;propri\u00e9t\u00e9 exclusive et exhaustive de Yi-King.<\/li>\n<\/ul>\n<p>&nbsp;<\/p>\n<p><strong>Dispositions finales<\/strong><\/p>\n<ul>\n<li>Yi-King se r\u00e9serve le droit de modifier les pr\u00e9sentes conditions g\u00e9n\u00e9rales de ventes&nbsp;\u00e0 tout moment. Les modifications sont communiqu\u00e9es sur le site de Yi-King et entrent en vigueur au moment de leur mise en ligne.<\/li>\n<li>Si certaines ou plusieurs dispositions des pr\u00e9sentes conditions g\u00e9n\u00e9rales de ventes&nbsp;devaient \u00eatre ou devenir nulles et non avenues ou non applicables, enti\u00e8rement ou en partie, cela n&#8217;affectera en rien la validit\u00e9 des autres dispositions des pr\u00e9sentes conditions g\u00e9n\u00e9rales de ventes.<\/li>\n<li>Seul le&nbsp;droit suisse&nbsp;est applicable aux pr\u00e9sentes conditions g\u00e9n\u00e9rales de ventes&nbsp;et aux litiges \u00e9ventuels r\u00e9sultants ou li\u00e9s \u00e0 la relation entre Yi-King et le client.<\/li>\n<li>Le for exclusivement comp\u00e9tent pour tous les litiges entre Yi-King et le client se situe en Suisse.<\/li>\n<\/ul>\n<p>Plus d&#8217;informations sur la page &#8220;<a href=\"https:\/\/yi-king.com\/en\/legal-notice\/\"><u>mentions l\u00e9gales<\/u><\/a>&#8220;<\/p>\n<p>&nbsp;<\/p>\n\n<p><br \/><!--StartFragment--><\/p>\n<p>Les pr\u00e9sentes conditions g\u00e9n\u00e9rales de vente (CGV) s&#8217;appliquent \u00e0 toutes les prestations propos\u00e9es par Yi-King. En passant commande sur le site Yi-King, vous acceptez les conditions ci-dessous sans aucune modification et dans leur int\u00e9gralit\u00e9.<\/p>\n<p><strong>Conditions g\u00e9n\u00e9rales de vente<\/strong><\/p>\n<p><strong>Service<\/strong><\/p>\n<ul>\n<li>Yi-King garantit la livraison \u00e0 domicile de produits de qualit\u00e9. La satisfaction de nos clients est notre premi\u00e8re priorit\u00e9 et nous voulons vous apporter un service irr\u00e9prochable.<\/li>\n<li>Vous pouvez contacter notre service client\u00e8le en tout temps via notre <u><a href=\"https:\/\/yi-king.com\/en\/contact\/\">formulaire de contact.<\/a><\/u><\/li>\n<\/ul>\n<p><strong>Garantie<\/strong><\/p>\n<ul>\n<li>Les articles b\u00e9n\u00e9ficiant d\u2019une garantie sont soumis aux conditions de l\u2019offre valables lors de l\u2019achat. La garantie prend effet \u00e0 la date de livraison de l\u2019article, justifi\u00e9e par le document d\u2019accompagnement (facture ou bulletin de livraison) que nous vous demandons de conserver soigneusement.<\/li>\n<li>Ne sont pas couverts les dommages dus \u00e0 un mauvais entretien, au non-respect du mode d\u2019emploi, ou \u00e0 une usure normale.<\/li>\n<\/ul>\n<p><strong>Produits<\/strong><\/p>\n<ul>\n<li>Les informations fournies sur le site Yi-King le sont \u00e0 des fins purement informatives et afin de faciliter le choix des clients.<\/li>\n<li>Yi-King s\u2019efforce de contr\u00f4ler la v\u00e9racit\u00e9 des informations et maintenir le site \u00e0 jour. Cependant, aucune garantie n\u2019est apport\u00e9e concernant l\u2019exactitude des informations mises \u00e0 disposition sur le site.<\/li>\n<li>Yi-King d\u00e9cline toute responsabilit\u00e9 pour tout dommage r\u00e9sultant notamment d\u2019une impr\u00e9cision ou inexactitude des informations disponibles sur ce site.<\/li>\n<li>Comme pour tout produit, le consommateur est pri\u00e9 de v\u00e9rifier de possibles contre-indications avant l\u2019utilisation (par ex. en cas d\u2019allergie).<\/li>\n<li>Yi-King d\u00e9cline toute responsabilit\u00e9 en cas de r\u00e9actions li\u00e9es \u00e0 l&#8217;utilisation de ses produits.<\/li>\n<\/ul>\n<p><strong>Prix<\/strong><\/p>\n<ul>\n<li>Tous les prix sont affich\u00e9s en francs Suisse (CHF) et incluent la TVA (suisse) selon les taux en vigueur.\u00a0<\/li>\n<li>Les prix des produits affich\u00e9s au passage \u00e0 la caisse (\u00e0 l\u2019\u00e9tape \u00ab R\u00e9sum\u00e9 \u00bb, sous \u00ab R\u00e9sum\u00e9 de la commande \u00bb) font foi.<\/li>\n<li>Les frais de livraison varient en fonction du montant de la commande et\/ou du poids du colis.<\/li>\n<\/ul>\n<p>Plus d&#8217;informations sur la page &#8220;<a href=\"https:\/\/yi-king.com\/en\/delivery-payments\/\"><u>livraison<\/u><\/a>&#8220;<\/p>\n<p>\u00a0<\/p>\n<p><strong>Articles<\/strong><\/p>\n<ul>\n<li>Yi-King se r\u00e9serve le droit de limiter les quantit\u00e9s d\u2019achat de certains produits\u00a0et de ne pas effectuer la livraison en cas de commande exceptionnellement lourde ou volumineuse.<\/li>\n<\/ul>\n<p><strong>Confirmation de commande<\/strong><\/p>\n<ul>\n<li>Le contrat entre en vigueur quand le client a pass\u00e9 sa commande et quand cette commande a \u00e9t\u00e9 accept\u00e9e par voie \u00e9lectronique par Yi-King.<\/li>\n<li>Toute commande est confirm\u00e9e par Yi-King.<\/li>\n<\/ul>\n<p><strong>M\u00e9thodes de paiement<\/strong><\/p>\n<p><em>(PayPal)<\/em><\/p>\n<ul>\n<li>Le processus de paiement est g\u00e9r\u00e9 par Paypal\u00a0et enti\u00e8rement s\u00e9curis\u00e9.<\/li>\n<li>Yi-King ex\u00e9cute le processus de livraison une fois la r\u00e9ception du paiement confirm\u00e9e.<\/li>\n<\/ul>\n<p><strong>Remboursements, cr\u00e9dits, bons cadeaux<\/strong><\/p>\n<ul>\n<li>Si le client a droit \u00e0 un remboursement ou \u00e0 un cr\u00e9dit, le montant d\u00fb sera cr\u00e9dit\u00e9 sur son compte client, utilisable pour le prochain achat chez Yi-King dans un d\u00e9lai d&#8217;une ann\u00e9e. Pass\u00e9 ce d\u00e9lai, le cr\u00e9dit sera \u00e9chu.<\/li>\n<li>Les bons Yi-King ne sont en aucun cas revendables. Un seul bon est utilisable par commande.<\/li>\n<\/ul>\n<p><strong>Lieu de livraison<\/strong><\/p>\n<ul>\n<li>La livraison est internationale.<\/li>\n<li>Les commandes sont trait\u00e9es, d\u00e8s r\u00e9ception du paiement par Yi-King, dans les plus brefs d\u00e9lais, du lundi au vendredi.<\/li>\n<li>Les articles command\u00e9s sont livr\u00e9s \u00e0 l&#8217;adresse de livraison indiqu\u00e9e par le client.<\/li>\n<\/ul>\n<p>Plus d&#8217;informations sur la page &#8220;<a href=\"https:\/\/yi-king.com\/en\/delivery-payments\/\"><u>livraison<\/u><\/a>&#8220;<\/p>\n<p>\u00a0<\/p>\n<p><strong>D\u00e9lais de livraison<\/strong><\/p>\n<ul>\n<li>Lorsque vous passez commande en semaine avant 17h, nous la traitons et exp\u00e9dions votre colis le jour suivant (expept\u00e9 jours sp\u00e9ciaux et p\u00e9riodes de vacances &#8211; voir page &#8220;<u>livraison<\/u>&#8221; pour plus d&#8217;informations. Les commandes pass\u00e9es le week-end sont exp\u00e9di\u00e9es le lundi et celles pass\u00e9es un jour f\u00e9ri\u00e9 sont trait\u00e9es et envoy\u00e9es le jour ouvrable suivant.<\/li>\n<li>G\u00e9n\u00e9ralement, la commande du client sera livr\u00e9e \u00e0 l\u2019heure habituelle de passage de son facteur.<\/li>\n<li>Les heures de livraison peuvent varier.<\/li>\n<li>Bien que Yi-King fasse son maximum pour livrer ses clients dans les d\u00e9lais, il se peut que les d\u00e9lais ne soient malgr\u00e9 tout pas respect\u00e9s et ce pour diverses raisons. Dans ces cas-l\u00e0, toute demande de d\u00e9dommagement est exclue.<\/li>\n<li>Pas de livraisons le dimanche, les jours f\u00e9ri\u00e9s nationaux et cantonaux.<\/li>\n<\/ul>\n<p>Plus d&#8217;informations sur la page &#8220;<a href=\"https:\/\/yi-king.com\/en\/delivery-payments\/\"><u>livraison<\/u><\/a>&#8220;<\/p>\n<p>\u00a0<\/p>\n<p><strong>Absence du client lors de la livraison<\/strong><\/p>\n<ul>\n<li>Si le client n&#8217;est pas pr\u00e9sent lors de la livraison, le transporteur peut, dans la mesure du possible, d\u00e9poser les produits devant sa porte.<\/li>\n<li>Yi-King s\u2019engage \u00e0 respecter si n\u00e9cessaire la cha\u00eene du froid jusqu\u2019\u00e0 la livraison de la marchandise \u00e0 l\u2019adresse du client. \u00c0 partir de ce moment, la responsabilit\u00e9 incombe au seul client, ind\u00e9pendamment de sa pr\u00e9sence lors de la livraison.<\/li>\n<li>Le client assume la responsabilit\u00e9 des produits une fois livr\u00e9s, m\u00eame si ces derniers sont d\u00e9pos\u00e9s devant sa porte en son absence.<\/li>\n<\/ul>\n<p>Plus d&#8217;informations sur la page &#8220;<a href=\"https:\/\/yi-king.com\/en\/delivery-payments\/\"><u>livraison<\/u><\/a>&#8220;<\/p>\n<p>\u00a0<\/p>\n<p><strong>Retours<\/strong><\/p>\n<ul>\n<li>Si le client commande des produits par erreur, ils ne sont ni repris ni rembours\u00e9s par Yi-King.<\/li>\n<\/ul>\n<p><strong>Protection des donn\u00e9es<\/strong><\/p>\n<ul>\n<li>En s\u2019inscrivant sur le site Yi-King, le client consent tacitement \u00e0 recevoir des informations de nature publicitaire ou autre de la part de Yi-King via diff\u00e9rents canaux de communication (e-mail, courrier, SMS, t\u00e9l\u00e9phone). Le client peut se d\u00e9sinscrire \u00e0 tout moment, facilement et gratuitement, en suivant les instructions figurant dans le message respectif ou en contactant le Service Client Yi-King.<\/li>\n<li>Yi-King est autoris\u00e9 \u00e0 proc\u00e9der \u00e0 des analyses de panier qui peuvent refl\u00e9ter le comportement d\u2019achat des clients et les types de personnalit\u00e9.<\/li>\n<li>Yi-King transmet les donn\u00e9es personnelles \u00e0 des tiers seulement dans la mesure o\u00f9 elles sont indispensables pour la bonne ex\u00e9cution de la commande ou du paiement (par ex. transmission des donn\u00e9es \u00e0 La Poste, \u00e0 une soci\u00e9t\u00e9 de recouvrement en cas de non-paiement, etc.), pour l\u2019information des clients ou pour la conduite de sondages. Vos informations sont trait\u00e9es avec la plus grande confidentialit\u00e9.<\/li>\n<li>Yi-King se r\u00e9serve le droit d\u2019analyser toutes les donn\u00e9es r\u00e9colt\u00e9es et d&#8217;utiliser des informations sur le comportement d&#8217;achat sous une forme anonyme \u00e0 des fins commerciales.<\/li>\n<li>Google Analytics : Ce site utilise Google Analytics, un service d&#8217;analyse de site Internet fourni par Google Inc. (\u00ab Google \u00bb). Google Analytics utilise des cookies qui sont des fichiers texte plac\u00e9s sur votre ordinateur pour aider le site Internet \u00e0 analyser son utilisation par les utilisateurs. Les donn\u00e9es g\u00e9n\u00e9r\u00e9es par les cookies concernant votre utilisation du site (y compris votre adresse IP) seront transmises et stock\u00e9es par Google sur des serveurs situ\u00e9s aux Etats-Unis. Google utilisera cette information dans le but d&#8217;\u00e9valuer votre utilisation du site, de compiler des rapports sur l&#8217;activit\u00e9 du site \u00e0 destination de son \u00e9diteur et de fournir d&#8217;autres services relatifs \u00e0 l&#8217;activit\u00e9 du site et \u00e0 l&#8217;utilisation d&#8217;Internet. Google est susceptible de communiquer ces donn\u00e9es \u00e0 des tiers en cas d&#8217;obligation l\u00e9gale ou lorsque ces tiers traitent ces donn\u00e9es pour le compte de Google. Google ne recoupera pas votre adresse IP avec toute autre donn\u00e9e d\u00e9tenue par Google. Vous pouvez d\u00e9sactiver l&#8217;utilisation de cookies en s\u00e9lectionnant les param\u00e8tres appropri\u00e9s de votre navigateur. Cependant, une telle d\u00e9sactivation pourrait emp\u00eacher l&#8217;utilisation de certaines fonctionnalit\u00e9s de ce site. Des tiers, y compris Google, peuvent afficher des annonces personnalis\u00e9es de Yi-King sur leurs sites et utiliser des cookies pour vous proposer d\u2019autres annonces cibl\u00e9es bas\u00e9es sur votre utilisation du site Yi-King. Si vous souhaitez d\u00e9sactiver cette fonction, vous pouvez le faire sur la page Internet www.google.com\/privacy_ads.html. En utilisant le site Internet de Yi-King, vous consentez express\u00e9ment au traitement de vos donn\u00e9es nominatives par Google dans les conditions et pour les finalit\u00e9s d\u00e9crites ci-dessus.<\/li>\n<\/ul>\n<p><strong>Propri\u00e9t\u00e9 intellectuelle<\/strong><\/p>\n<ul>\n<li>Tous les contenus accessibles sur le site internet de Yi-King sont prot\u00e9g\u00e9s par des droits d&#8217;auteur et sont la propri\u00e9t\u00e9 exclusive et exhaustive de Yi-King si aucune disposition contraire n&#8217;a \u00e9t\u00e9 conclue. Le site peut contenir des avertissements relatifs \u00e0 des droits de protection et d&#8217;exploitation de tiers dont le client doit tenir compte. La reproduction (int\u00e9grale ou partielle), la diffusion, la transmission (\u00e9lectronique ou par d&#8217;autres moyens), la modification, la mise en lien ou l&#8217;utilisation des contenus \u00e0 des fins publiques ou commerciales sont interdites sans autorisation \u00e9crite pr\u00e9alable de Yi-King.<\/li>\n<li>Les images et photos des produits sont prot\u00e9g\u00e9es par des droits d&#8217;auteur et sont la\u00a0propri\u00e9t\u00e9 exclusive et exhaustive de Yi-King.<\/li>\n<\/ul>\n<p><strong>Dispositions finales<\/strong><\/p>\n<ul>\n<li>Yi-King se r\u00e9serve le droit de modifier les pr\u00e9sentes conditions g\u00e9n\u00e9rales de ventes\u00a0\u00e0 tout moment. Les modifications sont communiqu\u00e9es sur le site de Yi-King et entrent en vigueur au moment de leur mise en ligne.<\/li>\n<li>Si certaines ou plusieurs dispositions des pr\u00e9sentes conditions g\u00e9n\u00e9rales de ventes\u00a0devaient \u00eatre ou devenir nulles et non avenues ou non applicables, enti\u00e8rement ou en partie, cela n&#8217;affectera en rien la validit\u00e9 des autres dispositions des pr\u00e9sentes conditions g\u00e9n\u00e9rales de ventes.<\/li>\n<li>Seul le\u00a0droit suisse\u00a0est applicable aux pr\u00e9sentes conditions g\u00e9n\u00e9rales de ventes\u00a0et aux litiges \u00e9ventuels r\u00e9sultants ou li\u00e9s \u00e0 la relation entre Yi-King et le client.<\/li>\n<li>Le for exclusivement comp\u00e9tent pour tous les litiges entre Yi-King et le client se situe en Suisse.<\/li>\n<\/ul>\n<p>Plus d&#8217;informations sur la page &#8220;<a href=\"https:\/\/yi-king.com\/en\/legal-notice\/\"><u>mentions l\u00e9gales<\/u><\/a>&#8220;<\/p>\n<p>\u00a0<\/p>\n\n","protected":false},"excerpt":{"rendered":"<p>Les pr\u00e9sentes conditions g\u00e9n\u00e9rales de vente (CGV) s&#8217;appliquent \u00e0 toutes les prestations propos\u00e9es par Yi-King. En passant commande sur le<\/p>\n","protected":false},"author":1,"featured_media":0,"parent":0,"menu_order":0,"comment_status":"closed","ping_status":"open","template":"","meta":{"footnotes":""},"class_list":["post-3174","page","type-page","status-publish","hentry"],"_links":{"self":[{"href":"https:\/\/yi-king.com\/en\/wp-json\/wp\/v2\/pages\/3174","targetHints":{"allow":["GET"]}}],"collection":[{"href":"https:\/\/yi-king.com\/en\/wp-json\/wp\/v2\/pages"}],"about":[{"href":"https:\/\/yi-king.com\/en\/wp-json\/wp\/v2\/types\/page"}],"author":[{"embeddable":true,"href":"https:\/\/yi-king.com\/en\/wp-json\/wp\/v2\/users\/1"}],"replies":[{"embeddable":true,"href":"https:\/\/yi-king.com\/en\/wp-json\/wp\/v2\/comments?post=3174"}],"version-history":[{"count":2,"href":"https:\/\/yi-king.com\/en\/wp-json\/wp\/v2\/pages\/3174\/revisions"}],"predecessor-version":[{"id":3177,"href":"https:\/\/yi-king.com\/en\/wp-json\/wp\/v2\/pages\/3174\/revisions\/3177"}],"wp:attachment":[{"href":"https:\/\/yi-king.com\/en\/wp-json\/wp\/v2\/media?parent=3174"}],"curies":[{"name":"wp","href":"https:\/\/api.w.org\/{rel}","templated":true}]}}