{"id":14987,"date":"2021-01-30T10:43:13","date_gmt":"2021-01-30T10:02:34","guid":{"rendered":"https:\/\/yi-king.com\/boutique\/uncategorized\/hand-wash\/"},"modified":"2021-01-30T11:16:00","modified_gmt":"2021-01-30T10:16:00","slug":"hand-wash","status":"publish","type":"product","link":"https:\/\/yi-king.com\/en\/shop\/unclassified\/hand-wash\/","title":{"rendered":"Hand Wash"},"content":{"rendered":"<p><strong>USE<\/strong>: For all skin types. For extemal use only. ln case of eye contact, rinse thoroughly with warm water.<\/p>\n<p><strong>INGREDIENTS<\/strong>: Aqua, glucoside, coco ampho-acetate, coco glucoside, aloe barbadensis, hydrolized wheat protein\/prot\u00e9ine de bl\u00e9 hydrolis\u00e9e, glyceryl oleate, glycerin\/glyc\u00e9rince, guar, limonene, eugenol, true Lavandula angustifolia.<\/p>\n","protected":false},"excerpt":{"rendered":"<p>USE: For all skin types. For extemal use only. ln case of eye contact, rinse thoroughly with warm water. INGREDIENTS:<\/p>\n","protected":false},"featured_media":14982,"template":"","meta":[],"product_brand":[],"product_cat":[115],"product_tag":[],"class_list":{"0":"post-14987","1":"product","2":"type-product","3":"status-publish","4":"has-post-thumbnail","6":"product_cat-unclassified","8":"first","9":"instock","10":"shipping-taxable","11":"purchasable","12":"product-type-simple"},"_links":{"self":[{"href":"https:\/\/yi-king.com\/en\/wp-json\/wp\/v2\/product\/14987","targetHints":{"allow":["GET"]}}],"collection":[{"href":"https:\/\/yi-king.com\/en\/wp-json\/wp\/v2\/product"}],"about":[{"href":"https:\/\/yi-king.com\/en\/wp-json\/wp\/v2\/types\/product"}],"wp:featuredmedia":[{"embeddable":true,"href":"https:\/\/yi-king.com\/en\/wp-json\/wp\/v2\/media\/14982"}],"wp:attachment":[{"href":"https:\/\/yi-king.com\/en\/wp-json\/wp\/v2\/media?parent=14987"}],"wp:term":[{"taxonomy":"product_brand","embeddable":true,"href":"https:\/\/yi-king.com\/en\/wp-json\/wp\/v2\/product_brand?post=14987"},{"taxonomy":"product_cat","embeddable":true,"href":"https:\/\/yi-king.com\/en\/wp-json\/wp\/v2\/product_cat?post=14987"},{"taxonomy":"product_tag","embeddable":true,"href":"https:\/\/yi-king.com\/en\/wp-json\/wp\/v2\/product_tag?post=14987"}],"curies":[{"name":"wp","href":"https:\/\/api.w.org\/{rel}","templated":true}]}}