{"id":14988,"date":"2021-01-30T10:40:25","date_gmt":"2021-01-30T10:04:17","guid":{"rendered":"https:\/\/yi-king.com\/boutique\/uncategorized\/hair-body-wash\/"},"modified":"2021-01-30T11:17:44","modified_gmt":"2021-01-30T10:17:44","slug":"hair-body-wash","status":"publish","type":"product","link":"https:\/\/yi-king.com\/en\/shop\/unclassified\/hair-body-wash\/","title":{"rendered":"Hair &amp; Body Wash"},"content":{"rendered":"<p><strong>USE<\/strong>: Apply over wet skin &amp; hair. Massage gently, rinse. For all skin &amp; hair types. For extemal use only. Avoid the eye area. rinse thoroughly with warm water.<\/p>\n<p><strong>INGREDIENTS<\/strong>: Aqua, glucoside, cocoampho-acetate, cocoglucoside, aloebarbadensis, hydrolized wheat protein\/prot\u00e9ine de bl\u00e9 hydrolis\u00e9e, glyceryl oleate, glyce-rin\/glyc\u00e9rine, guar, limonene, eugenol, babassu mousse, Citrus reticulata, Lavandula angustifolia.<\/p>\n","protected":false},"excerpt":{"rendered":"<p><strong>For all skin &amp; hair types.<\/strong><\/p>\n","protected":false},"featured_media":14975,"template":"","meta":[],"product_brand":[],"product_cat":[115],"product_tag":[],"class_list":{"0":"post-14988","1":"product","2":"type-product","3":"status-publish","4":"has-post-thumbnail","6":"product_cat-unclassified","8":"first","9":"instock","10":"shipping-taxable","11":"purchasable","12":"product-type-simple"},"_links":{"self":[{"href":"https:\/\/yi-king.com\/en\/wp-json\/wp\/v2\/product\/14988","targetHints":{"allow":["GET"]}}],"collection":[{"href":"https:\/\/yi-king.com\/en\/wp-json\/wp\/v2\/product"}],"about":[{"href":"https:\/\/yi-king.com\/en\/wp-json\/wp\/v2\/types\/product"}],"wp:featuredmedia":[{"embeddable":true,"href":"https:\/\/yi-king.com\/en\/wp-json\/wp\/v2\/media\/14975"}],"wp:attachment":[{"href":"https:\/\/yi-king.com\/en\/wp-json\/wp\/v2\/media?parent=14988"}],"wp:term":[{"taxonomy":"product_brand","embeddable":true,"href":"https:\/\/yi-king.com\/en\/wp-json\/wp\/v2\/product_brand?post=14988"},{"taxonomy":"product_cat","embeddable":true,"href":"https:\/\/yi-king.com\/en\/wp-json\/wp\/v2\/product_cat?post=14988"},{"taxonomy":"product_tag","embeddable":true,"href":"https:\/\/yi-king.com\/en\/wp-json\/wp\/v2\/product_tag?post=14988"}],"curies":[{"name":"wp","href":"https:\/\/api.w.org\/{rel}","templated":true}]}}