{"id":15133,"date":"2021-06-24T10:11:35","date_gmt":"2021-06-24T08:11:35","guid":{"rendered":"https:\/\/yi-king.com\/?post_type=product&#038;p=15133"},"modified":"2021-06-24T10:15:19","modified_gmt":"2021-06-24T08:15:19","slug":"hair-body-wash-recharge","status":"publish","type":"product","link":"https:\/\/yi-king.com\/en\/shop\/unclassified\/hair-body-wash-recharge\/","title":{"rendered":"Hair &amp; Body Wash &#8211; Refill"},"content":{"rendered":"<p><strong>USE<\/strong>: Apply over wet skin &amp; hair. Massage gently, rinse. For all skin &amp; hair types. For extemal use only. Avoid the eye area. rinse thoroughly with warm water.<\/p>\n<p><strong>INGREDIENTS<\/strong>: Aqua, glucoside, cocoampho-acetate, cocoglucoside, aloebarbadensis, hydrolized wheat protein\/prot\u00e9ine de bl\u00e9 hydrolis\u00e9e, glyceryl oleate, glyce-rin\/glyc\u00e9rine, guar, limonene, eugenol, babassu mousse, Citrus reticulata, Lavandula angustifolia.<\/p>\n<p>2.5 Liter refill<\/p>\n","protected":false},"excerpt":{"rendered":"<p><strong>For all skin &amp; hair types.<\/strong><\/p>\n","protected":false},"featured_media":15135,"template":"","meta":[],"product_brand":[],"product_cat":[115],"product_tag":[],"class_list":{"0":"post-15133","1":"product","2":"type-product","3":"status-publish","4":"has-post-thumbnail","6":"product_cat-unclassified","8":"first","9":"instock","10":"shipping-taxable","11":"purchasable","12":"product-type-simple"},"_links":{"self":[{"href":"https:\/\/yi-king.com\/en\/wp-json\/wp\/v2\/product\/15133","targetHints":{"allow":["GET"]}}],"collection":[{"href":"https:\/\/yi-king.com\/en\/wp-json\/wp\/v2\/product"}],"about":[{"href":"https:\/\/yi-king.com\/en\/wp-json\/wp\/v2\/types\/product"}],"wp:featuredmedia":[{"embeddable":true,"href":"https:\/\/yi-king.com\/en\/wp-json\/wp\/v2\/media\/15135"}],"wp:attachment":[{"href":"https:\/\/yi-king.com\/en\/wp-json\/wp\/v2\/media?parent=15133"}],"wp:term":[{"taxonomy":"product_brand","embeddable":true,"href":"https:\/\/yi-king.com\/en\/wp-json\/wp\/v2\/product_brand?post=15133"},{"taxonomy":"product_cat","embeddable":true,"href":"https:\/\/yi-king.com\/en\/wp-json\/wp\/v2\/product_cat?post=15133"},{"taxonomy":"product_tag","embeddable":true,"href":"https:\/\/yi-king.com\/en\/wp-json\/wp\/v2\/product_tag?post=15133"}],"curies":[{"name":"wp","href":"https:\/\/api.w.org\/{rel}","templated":true}]}}